{"id":42,"date":"2021-07-30T18:55:26","date_gmt":"2021-07-30T18:55:26","guid":{"rendered":"https:\/\/escueladeautomovilismo.com\/?page_id=42"},"modified":"2026-02-09T10:47:13","modified_gmt":"2026-02-09T15:47:13","slug":"examen-practico","status":"publish","type":"page","link":"https:\/\/escuelajorgecordoba.com\/en\/examen-practico\/","title":{"rendered":"ROAD TEST"},"content":{"rendered":"<h1 class=\"wp-block-heading\">Road Test<\/h1>\n\n\n\n<p class=\"\">We are authorized by FLHSMV to do the road test in a stress free environment. Text us today for faster service in English so you can schedule your test with us!<\/p>\n\n\n\n\n\n<p class=\"\">Visits to our office are by appointment only.<br>Call: <strong>(813)777-0085 ext. 1<\/strong> for English<br>For faster service in English please text us at <strong>(813)775-6187<\/strong><\/p>\n\n\n\n<h2 class=\"wp-block-heading has-text-align-center\">Ace your Road Test with These Tips!<\/h2>\n\n\n\n<p class=\"has-text-align-center\">Preparation is the key to success and confidence on test day!<\/p>\n\n\n\n\n\n\n\n\n\n\n\n\n\n\n\n\n\n\n\n\n\n\n\n\n\n\n\n\n\n\n\n\n\n\n\n\n\n\n\n\n\n\n\n\n\n\n\n\n\n\n\n\n\n\n\n\n\n\n\n<figure class=\"wp-block-video aligncenter\"><video height=\"1080\" style=\"aspect-ratio: 1080 \/ 1080;\" width=\"1080\" controls src=\"https:\/\/escuelajorgecordoba.com\/wp-content\/uploads\/2026\/02\/1-Quick-Stop.mp4\"><\/video><\/figure>\n\n\n\n<ol class=\"wp-block-list\">\n<li class=\"\"><strong>Drive straight going no more than 20mph.<\/strong><\/li>\n\n\n\n<li class=\"\"><strong>When the examiner says &#8220;STOP&#8221;, stop the car as quickly and safely as possible.<\/strong><\/li>\n<\/ol>\n\n\n\n<hr class=\"wp-block-separator has-alpha-channel-opacity\"\/>\n\n\n\n<figure class=\"wp-block-video aligncenter\"><video height=\"1080\" style=\"aspect-ratio: 1080 \/ 1080;\" width=\"1080\" autoplay controls loop src=\"https:\/\/escuelajorgecordoba.com\/wp-content\/uploads\/2026\/02\/2-Backing.mp4\"><\/video><\/figure>\n\n\n\n<ol class=\"wp-block-list\">\n<li class=\"\"><strong>Turn your head to look back, don&#8217;t use just the mirrors or the camera.<\/strong><\/li>\n\n\n\n<li class=\"\"><strong>Do not accelerate. Just lift your foot slowly off the brake.<\/strong><\/li>\n<\/ol>\n\n\n\n<hr class=\"wp-block-separator has-alpha-channel-opacity\"\/>\n\n\n<div class=\"wp-block-image\">\n<figure class=\"aligncenter size-large\"><img fetchpriority=\"high\" decoding=\"async\" width=\"1080\" height=\"690\" src=\"https:\/\/i0.wp.com\/escuelajorgecordoba.com\/wp-content\/uploads\/2026\/02\/3-Three-Point-Turn.png?fit=1024%2C654&amp;ssl=1\" alt=\"\" class=\"wp-image-813\" srcset=\"https:\/\/i0.wp.com\/escuelajorgecordoba.com\/wp-content\/uploads\/2026\/02\/3-Three-Point-Turn.png?w=1080&amp;ssl=1 1080w, https:\/\/i0.wp.com\/escuelajorgecordoba.com\/wp-content\/uploads\/2026\/02\/3-Three-Point-Turn.png?resize=300%2C192&amp;ssl=1 300w, https:\/\/i0.wp.com\/escuelajorgecordoba.com\/wp-content\/uploads\/2026\/02\/3-Three-Point-Turn.png?resize=1024%2C654&amp;ssl=1 1024w, https:\/\/i0.wp.com\/escuelajorgecordoba.com\/wp-content\/uploads\/2026\/02\/3-Three-Point-Turn.png?resize=768%2C491&amp;ssl=1 768w, https:\/\/i0.wp.com\/escuelajorgecordoba.com\/wp-content\/uploads\/2026\/02\/3-Three-Point-Turn.png?resize=18%2C12&amp;ssl=1 18w\" sizes=\"(max-width: 1080px) 100vw, 1080px\" \/><\/figure>\n<\/div>\n\n\n<ol class=\"wp-block-list\">\n<li class=\"\"><strong>Left turn signal ON. Wheels all the way to the LEFT. Look around. Move slowly forward as close to the curb as possible, and stop.<\/strong><\/li>\n\n\n\n<li class=\"\"><strong>Turn wheels all the way to the RIGHT. Put the car in REVERSE gear. Look around. Move slowly backward as close to the curb as possible, and stop.<\/strong><\/li>\n\n\n\n<li class=\"\"><strong>Turn wheels all the way to the LEFT<\/strong>.<strong> Put the car in DRIVE gear. Look around. Move slowly forward.<\/strong><\/li>\n<\/ol>\n\n\n\n<hr class=\"wp-block-separator has-alpha-channel-opacity\"\/>\n\n\n<div class=\"wp-block-image\">\n<figure class=\"aligncenter size-large\"><img decoding=\"async\" width=\"1080\" height=\"690\" src=\"https:\/\/i0.wp.com\/escuelajorgecordoba.com\/wp-content\/uploads\/2026\/02\/4-Straight-In-Parking.png?fit=1024%2C654&amp;ssl=1\" alt=\"\" class=\"wp-image-814\" srcset=\"https:\/\/i0.wp.com\/escuelajorgecordoba.com\/wp-content\/uploads\/2026\/02\/4-Straight-In-Parking.png?w=1080&amp;ssl=1 1080w, https:\/\/i0.wp.com\/escuelajorgecordoba.com\/wp-content\/uploads\/2026\/02\/4-Straight-In-Parking.png?resize=300%2C192&amp;ssl=1 300w, https:\/\/i0.wp.com\/escuelajorgecordoba.com\/wp-content\/uploads\/2026\/02\/4-Straight-In-Parking.png?resize=1024%2C654&amp;ssl=1 1024w, https:\/\/i0.wp.com\/escuelajorgecordoba.com\/wp-content\/uploads\/2026\/02\/4-Straight-In-Parking.png?resize=768%2C491&amp;ssl=1 768w, https:\/\/i0.wp.com\/escuelajorgecordoba.com\/wp-content\/uploads\/2026\/02\/4-Straight-In-Parking.png?resize=18%2C12&amp;ssl=1 18w\" sizes=\"(max-width: 1080px) 100vw, 1080px\" \/><\/figure>\n<\/div>\n\n\n<ol class=\"wp-block-list\">\n<li class=\"\"><strong>Car has to be in the right lane. Left turn signal ON. Move the car slowly to align the frame of the left mirror with the first white line of the parking you\u2019re going into. Wheels all the way to the left. Look around. Move slowly to keep control of the car and adjust as necessary.<\/strong><\/li>\n\n\n\n<li class=\"\"><strong>When the front of the car is inside the parking, look straight ahead to start straightening the wheels. Keep moving slowly and adjust as necessary.<\/strong><\/li>\n\n\n\n<li class=\"\"><strong>Stop the car once the mirrors are next to the cones. Put the transmission in Parking, and set the emergency brake (optional).<\/strong><\/li>\n<\/ol>\n\n\n\n<hr class=\"wp-block-separator has-alpha-channel-opacity\"\/>\n\n\n<div class=\"wp-block-image\">\n<figure class=\"aligncenter size-large\"><img decoding=\"async\" width=\"1080\" height=\"690\" src=\"https:\/\/i0.wp.com\/escuelajorgecordoba.com\/wp-content\/uploads\/2026\/02\/5-Parking-on-a-Grade.png?fit=1024%2C654&amp;ssl=1\" alt=\"\" class=\"wp-image-815\" srcset=\"https:\/\/i0.wp.com\/escuelajorgecordoba.com\/wp-content\/uploads\/2026\/02\/5-Parking-on-a-Grade.png?w=1080&amp;ssl=1 1080w, https:\/\/i0.wp.com\/escuelajorgecordoba.com\/wp-content\/uploads\/2026\/02\/5-Parking-on-a-Grade.png?resize=300%2C192&amp;ssl=1 300w, https:\/\/i0.wp.com\/escuelajorgecordoba.com\/wp-content\/uploads\/2026\/02\/5-Parking-on-a-Grade.png?resize=1024%2C654&amp;ssl=1 1024w, https:\/\/i0.wp.com\/escuelajorgecordoba.com\/wp-content\/uploads\/2026\/02\/5-Parking-on-a-Grade.png?resize=768%2C491&amp;ssl=1 768w, https:\/\/i0.wp.com\/escuelajorgecordoba.com\/wp-content\/uploads\/2026\/02\/5-Parking-on-a-Grade.png?resize=18%2C12&amp;ssl=1 18w\" sizes=\"(max-width: 1080px) 100vw, 1080px\" \/><\/figure>\n<\/div>\n\n\n<div class=\"wp-block-columns is-layout-flex wp-container-core-columns-is-layout-9d6595d7 wp-block-columns-is-layout-flex\">\n<div class=\"wp-block-column is-layout-flow wp-block-column-is-layout-flow\">\n<p class=\"has-text-align-center\"><strong>Uphill with Curb<\/strong><br>Turn wheels all the way to the LEFT.<\/p>\n<\/div>\n\n\n\n<div class=\"wp-block-column is-layout-flow wp-block-column-is-layout-flow\">\n<p class=\"has-text-align-center\"><strong>Downhill with Curb<\/strong><br>Turn wheels all the way to the RIGHT.<\/p>\n<\/div>\n\n\n\n<div class=\"wp-block-column is-layout-flow wp-block-column-is-layout-flow\">\n<p class=\"has-text-align-center\"><strong>Uphill without Curb<\/strong><br>Turn wheels all the way to the RIGHT.<\/p>\n<\/div>\n<\/div>\n\n\n\n<ol class=\"wp-block-list\">\n<li class=\"\">Say the direction of the wheels based on the question as shown in the picture above.<\/li>\n\n\n\n<li class=\"\"><strong>Emergency brake<\/strong><\/li>\n\n\n\n<li class=\"\"><strong>Park<\/strong><\/li>\n\n\n\n<li class=\"\"><strong>Turn OFF the car<\/strong><\/li>\n<\/ol>\n\n\n\n<hr class=\"wp-block-separator has-alpha-channel-opacity\"\/>\n\n\n<div class=\"wp-block-image\">\n<figure class=\"aligncenter size-large\"><img loading=\"lazy\" decoding=\"async\" width=\"1080\" height=\"690\" src=\"https:\/\/i0.wp.com\/escuelajorgecordoba.com\/wp-content\/uploads\/2026\/02\/6-Getting-Out-of-Parking.png?fit=1024%2C654&amp;ssl=1\" alt=\"\" class=\"wp-image-816\" srcset=\"https:\/\/i0.wp.com\/escuelajorgecordoba.com\/wp-content\/uploads\/2026\/02\/6-Getting-Out-of-Parking.png?w=1080&amp;ssl=1 1080w, https:\/\/i0.wp.com\/escuelajorgecordoba.com\/wp-content\/uploads\/2026\/02\/6-Getting-Out-of-Parking.png?resize=300%2C192&amp;ssl=1 300w, https:\/\/i0.wp.com\/escuelajorgecordoba.com\/wp-content\/uploads\/2026\/02\/6-Getting-Out-of-Parking.png?resize=1024%2C654&amp;ssl=1 1024w, https:\/\/i0.wp.com\/escuelajorgecordoba.com\/wp-content\/uploads\/2026\/02\/6-Getting-Out-of-Parking.png?resize=768%2C491&amp;ssl=1 768w, https:\/\/i0.wp.com\/escuelajorgecordoba.com\/wp-content\/uploads\/2026\/02\/6-Getting-Out-of-Parking.png?resize=18%2C12&amp;ssl=1 18w\" sizes=\"(max-width: 1080px) 100vw, 1080px\" \/><\/figure>\n<\/div>\n\n\n<ol class=\"wp-block-list\">\n<li class=\"\"><strong>Make sure wheels are straight. Put transmission in Reverse and slowly start backing in a straight line until the side mirrors are lined up at the end of the parking spaces.<\/strong><\/li>\n\n\n\n<li class=\"\"><strong>Turn the wheels ALL THE WAY to the OPPOSITE side that you\u2019re heading. In this example, the car is going to the LEFT, so the wheels are all the way to the RIGHT. Keep backing slowly until the left mirror is about in the middle of the road.<\/strong><\/li>\n\n\n\n<li class=\"\"><strong>Turn the wheels ALL THE WAY to the side you\u2019re heading. In this example it is all the way to the LEFT. Put transmission in DRIVE and slowly incorporate in the right lane.<\/strong><\/li>\n<\/ol>\n\n\n\n<hr class=\"wp-block-separator has-alpha-channel-opacity\"\/>\n\n\n\n<h2 class=\"wp-block-heading has-text-align-center\">MORE TIPS<\/h2>\n\n\n<div class=\"wp-block-image\">\n<figure class=\"aligncenter size-large\"><img loading=\"lazy\" decoding=\"async\" width=\"1080\" height=\"400\" src=\"https:\/\/i0.wp.com\/escuelajorgecordoba.com\/wp-content\/uploads\/2026\/02\/7-Other-Tips.png?fit=1024%2C379&amp;ssl=1\" alt=\"\" class=\"wp-image-817\" srcset=\"https:\/\/i0.wp.com\/escuelajorgecordoba.com\/wp-content\/uploads\/2026\/02\/7-Other-Tips.png?w=1080&amp;ssl=1 1080w, https:\/\/i0.wp.com\/escuelajorgecordoba.com\/wp-content\/uploads\/2026\/02\/7-Other-Tips.png?resize=300%2C111&amp;ssl=1 300w, https:\/\/i0.wp.com\/escuelajorgecordoba.com\/wp-content\/uploads\/2026\/02\/7-Other-Tips.png?resize=1024%2C379&amp;ssl=1 1024w, https:\/\/i0.wp.com\/escuelajorgecordoba.com\/wp-content\/uploads\/2026\/02\/7-Other-Tips.png?resize=768%2C284&amp;ssl=1 768w, https:\/\/i0.wp.com\/escuelajorgecordoba.com\/wp-content\/uploads\/2026\/02\/7-Other-Tips.png?resize=18%2C7&amp;ssl=1 18w\" sizes=\"(max-width: 1080px) 100vw, 1080px\" \/><\/figure>\n<\/div>\n\n\n<ul class=\"wp-block-list\">\n<li class=\"\"><strong>Obey Stop Signs.<\/strong> The vehicle has to come to a<strong> complete stop<\/strong> before reaching the stop line or crosswalk. Count until 5, look both ways multiple times, when safe start moving.<\/li>\n\n\n\n<li class=\"\"><strong>Yield Right-Of-Way.<\/strong> Allow pedestrians to cross, safely move over for stop vehicles or obstacles on the road, pull over and stop for emergency vehicles, do not block intersections.<\/li>\n\n\n\n<li class=\"\"><strong>Obey Traffic Signals.<\/strong> Approach the light slowly so that you can stop if the light changes. Do not enter the intersection on yellow.<\/li>\n\n\n\n<li class=\"\"><strong>Stay in Proper Lane. <\/strong>Drive always on the right lane, unless told otherwise by the examiner.<\/li>\n\n\n\n<li class=\"\"><strong>Turn Signals.<\/strong> When making a turn, always go into the right lane. Turn the signal ahead of the turn.<\/li>\n\n\n\n<li class=\"\"><strong>Relax <\/strong>and go at your own pace (always below speed limit).<\/li>\n<\/ul>\n\n\n\n<h2 class=\"wp-block-heading has-text-align-center\"><strong><mark style=\"background-color:rgba(0, 0, 0, 0)\" class=\"has-inline-color has-vivid-red-color\">Give us a call to schedule your road test!<\/mark><\/strong><\/h2>\n\n\n\n<h3 class=\"wp-block-heading has-text-align-center\"><strong>(813)777-0085 ext 1 for English<\/strong><br><strong>For faster service, text us at (813)775-6187<\/strong><\/h3>","protected":false},"excerpt":{"rendered":"<p>Examen Pr\u00e1ctico Estamos autorizados por el Departamento de Motores y Veh\u00edculos de la Florida para hacer el examen pr\u00e1ctico con nosotros en un ambiente tranquilo. Ll\u00e1manos ya para programar tu examen pr\u00e1ctico! Visits to our office are by appointment only.Call: (813)777-0085 ext. 1 for EnglishFor faster service in English please text us at (813)775-6187 Aprueba [&hellip;]<\/p>\n","protected":false},"author":1,"featured_media":0,"parent":0,"menu_order":0,"comment_status":"closed","ping_status":"closed","template":"","meta":{"nf_dc_page":"","om_disable_all_campaigns":false,"_monsterinsights_skip_tracking":false,"_monsterinsights_sitenote_active":false,"_monsterinsights_sitenote_note":"","_monsterinsights_sitenote_category":0,"_uf_show_specific_survey":0,"_uf_disable_surveys":false,"footnotes":""},"class_list":["post-42","page","type-page","status-publish","hentry"],"aioseo_notices":[],"jetpack_sharing_enabled":true,"_links":{"self":[{"href":"https:\/\/escuelajorgecordoba.com\/en\/wp-json\/wp\/v2\/pages\/42","targetHints":{"allow":["GET"]}}],"collection":[{"href":"https:\/\/escuelajorgecordoba.com\/en\/wp-json\/wp\/v2\/pages"}],"about":[{"href":"https:\/\/escuelajorgecordoba.com\/en\/wp-json\/wp\/v2\/types\/page"}],"author":[{"embeddable":true,"href":"https:\/\/escuelajorgecordoba.com\/en\/wp-json\/wp\/v2\/users\/1"}],"replies":[{"embeddable":true,"href":"https:\/\/escuelajorgecordoba.com\/en\/wp-json\/wp\/v2\/comments?post=42"}],"version-history":[{"count":5,"href":"https:\/\/escuelajorgecordoba.com\/en\/wp-json\/wp\/v2\/pages\/42\/revisions"}],"predecessor-version":[{"id":823,"href":"https:\/\/escuelajorgecordoba.com\/en\/wp-json\/wp\/v2\/pages\/42\/revisions\/823"}],"wp:attachment":[{"href":"https:\/\/escuelajorgecordoba.com\/en\/wp-json\/wp\/v2\/media?parent=42"}],"curies":[{"name":"wp","href":"https:\/\/api.w.org\/{rel}","templated":true}]}}