{"id":357,"date":"2024-08-02T00:14:46","date_gmt":"2024-08-02T00:14:46","guid":{"rendered":"https:\/\/escueladeautomovilismo.com\/?page_id=357"},"modified":"2024-08-02T00:14:49","modified_gmt":"2024-08-02T00:14:49","slug":"contactanos","status":"publish","type":"page","link":"https:\/\/escuelajorgecordoba.com\/en\/contactanos\/","title":{"rendered":"Contact Us"},"content":{"rendered":"\n<h2 class=\"wp-block-heading\">Cont\u00e1ctanos<\/h2>\n\n\n<div class=\"wpforms-container wpforms-block wpforms-block-cc789e61-0f06-4830-87bb-b3759f3a6172 wpforms-render-modern\" id=\"wpforms-358\"><form id=\"wpforms-form-358\" class=\"wpforms-validate wpforms-form wpforms-ajax-form\" data-formid=\"358\" method=\"post\" enctype=\"multipart\/form-data\" action=\"\/en\/wp-json\/wp\/v2\/pages\/357\" data-token=\"112e965f567f7ae61a297c0127cccd1c\" data-token-time=\"1776609699\"><noscript class=\"wpforms-error-noscript\">Please enable JavaScript in your browser to complete this form.<\/noscript><div id=\"wpforms-error-noscript\" style=\"display: none;\">Please enable JavaScript in your browser to complete this form.<\/div><div class=\"wpforms-field-container\"><div id=\"wpforms-358-field_0-container\" class=\"wpforms-field wpforms-field-name\" data-field-id=\"0\"><label class=\"wpforms-field-label\" for=\"wpforms-358-field_0\">Nombre Completo <span class=\"wpforms-required-label\" aria-hidden=\"true\">*<\/span><\/label><input type=\"text\" id=\"wpforms-358-field_0\" class=\"wpforms-field-medium wpforms-field-required\" name=\"wpforms[fields][0]\" aria-errormessage=\"wpforms-358-field_0-error\" required><\/div><div id=\"wpforms-358-field_5-container\" class=\"wpforms-field wpforms-field-text\" data-field-id=\"5\"><label class=\"wpforms-field-label\" for=\"wpforms-358-field_5\">Numero de Telefono <span class=\"wpforms-required-label\" aria-hidden=\"true\">*<\/span><\/label><input type=\"text\" id=\"wpforms-358-field_5\" class=\"wpforms-field-medium wpforms-field-required\" name=\"wpforms[fields][5]\" aria-errormessage=\"wpforms-358-field_5-error\" aria-describedby=\"wpforms-358-field_5-description\" required><div id=\"wpforms-358-field_5-description\" class=\"wpforms-field-description\">Preferiblemente un numero de celular donde pueda recibir mensajes de texto.<\/div><\/div><div id=\"wpforms-358-field_1-container\" class=\"wpforms-field wpforms-field-email\" data-field-id=\"1\"><label class=\"wpforms-field-label\" for=\"wpforms-358-field_1\">Email <span class=\"wpforms-required-label\" aria-hidden=\"true\">*<\/span><\/label><input type=\"email\" id=\"wpforms-358-field_1\" class=\"wpforms-field-medium wpforms-field-required\" name=\"wpforms[fields][1]\" spellcheck=\"false\" aria-errormessage=\"wpforms-358-field_1-error\" required><\/div><div id=\"wpforms-358-field_2-container\" class=\"wpforms-field wpforms-field-textarea\" data-field-id=\"2\"><label class=\"wpforms-field-label\" for=\"wpforms-358-field_2\">Comentario o Mensaje<\/label><textarea id=\"wpforms-358-field_2\" class=\"wpforms-field-medium\" name=\"wpforms[fields][2]\" aria-errormessage=\"wpforms-358-field_2-error\" ><\/textarea><\/div><div id=\"wpforms-358-field_4-container\" class=\"wpforms-field wpforms-field-checkbox\" data-field-id=\"4\"><fieldset><legend class=\"wpforms-field-label\">Consentimiento <span class=\"wpforms-required-label\" aria-hidden=\"true\">*<\/span><\/legend><ul id=\"wpforms-358-field_4\" class=\"wpforms-field-required\"><li class=\"choice-1 depth-1\"><input type=\"checkbox\" id=\"wpforms-358-field_4_1\" name=\"wpforms[fields][4][]\" value=\"Al escribirnos a trav\u00e9s de un mensaje de texto, acepta recibir mensajes de marketing automatizados recurrentes, incluidos recordatorios de servicios pagados, en el n\u00famero de tel\u00e9fono proporcionado. El consentimiento no es una condici\u00f3n de compra. Responda STOP para desinscribirse. La frecuencia de los mensajes var\u00eda. Pueden aplicarse tarifas de mensajes y datos. Su privacidad es nuestra prioridad. Su informaci\u00f3n no ser\u00e1 compartida.\" aria-errormessage=\"wpforms-358-field_4_1-error\" required ><label class=\"wpforms-field-label-inline\" for=\"wpforms-358-field_4_1\">Al escribirnos a trav\u00e9s de un mensaje de texto, acepta recibir mensajes de marketing automatizados recurrentes, incluidos recordatorios de servicios pagados, en el n\u00famero de tel\u00e9fono proporcionado. El consentimiento no es una condici\u00f3n de compra. Responda STOP para desinscribirse. La frecuencia de los mensajes var\u00eda. Pueden aplicarse tarifas de mensajes y datos. Su privacidad es nuestra prioridad. Su informaci\u00f3n no ser\u00e1 compartida.<\/label><\/li><\/ul><\/fieldset><\/div><\/div><!-- .wpforms-field-container --><div class=\"wpforms-recaptcha-container wpforms-is-recaptcha wpforms-is-recaptcha-type-v3\" ><input type=\"hidden\" name=\"wpforms[recaptcha]\" value=\"\"><\/div><div class=\"wpforms-submit-container\" ><input type=\"hidden\" name=\"wpforms[id]\" value=\"358\"><input type=\"hidden\" name=\"page_title\" value=\"\"><input type=\"hidden\" name=\"page_url\" value=\"https:\/\/escuelajorgecordoba.com\/en\/wp-json\/wp\/v2\/pages\/357\"><input type=\"hidden\" name=\"url_referer\" value=\"\"><button type=\"submit\" name=\"wpforms[submit]\" id=\"wpforms-submit-358\" class=\"wpforms-submit\" data-alt-text=\"Enviando...\" data-submit-text=\"Enviar\" aria-live=\"assertive\" value=\"wpforms-submit\">Enviar<\/button><img decoding=\"async\" src=\"https:\/\/escuelajorgecordoba.com\/wp-content\/plugins\/wpforms-lite\/assets\/images\/submit-spin.svg\" class=\"wpforms-submit-spinner\" style=\"display: none;\" width=\"26\" height=\"26\" alt=\"Loading\"><\/div><\/form><\/div>  <!-- .wpforms-container -->","protected":false},"excerpt":{"rendered":"<p>Contact Us<\/p>","protected":false},"author":1,"featured_media":0,"parent":0,"menu_order":0,"comment_status":"closed","ping_status":"closed","template":"","meta":{"nf_dc_page":"","om_disable_all_campaigns":false,"_monsterinsights_skip_tracking":false,"_monsterinsights_sitenote_active":false,"_monsterinsights_sitenote_note":"","_monsterinsights_sitenote_category":0,"_uf_show_specific_survey":0,"_uf_disable_surveys":false,"footnotes":""},"class_list":["post-357","page","type-page","status-publish","hentry"],"aioseo_notices":[],"jetpack_sharing_enabled":true,"_links":{"self":[{"href":"https:\/\/escuelajorgecordoba.com\/en\/wp-json\/wp\/v2\/pages\/357","targetHints":{"allow":["GET"]}}],"collection":[{"href":"https:\/\/escuelajorgecordoba.com\/en\/wp-json\/wp\/v2\/pages"}],"about":[{"href":"https:\/\/escuelajorgecordoba.com\/en\/wp-json\/wp\/v2\/types\/page"}],"author":[{"embeddable":true,"href":"https:\/\/escuelajorgecordoba.com\/en\/wp-json\/wp\/v2\/users\/1"}],"replies":[{"embeddable":true,"href":"https:\/\/escuelajorgecordoba.com\/en\/wp-json\/wp\/v2\/comments?post=357"}],"version-history":[{"count":5,"href":"https:\/\/escuelajorgecordoba.com\/en\/wp-json\/wp\/v2\/pages\/357\/revisions"}],"predecessor-version":[{"id":371,"href":"https:\/\/escuelajorgecordoba.com\/en\/wp-json\/wp\/v2\/pages\/357\/revisions\/371"}],"wp:attachment":[{"href":"https:\/\/escuelajorgecordoba.com\/en\/wp-json\/wp\/v2\/media?parent=357"}],"curies":[{"name":"wp","href":"https:\/\/api.w.org\/{rel}","templated":true}]}}